{"id":66517,"date":"2024-08-01T10:02:17","date_gmt":"2024-08-01T08:02:17","guid":{"rendered":"https:\/\/www.estudidelmoble.com\/producto\/inscripcion-hablamos-de-salterios\/"},"modified":"2025-01-20T12:01:30","modified_gmt":"2025-01-20T10:01:30","slug":"inscripcion-hablamos-de-salterios","status":"publish","type":"product","link":"https:\/\/www.estudidelmoble.com\/es\/producto\/inscripcion-hablamos-de-salterios\/","title":{"rendered":"Inscripci\u00f3n Hablamos de&#8230; Salterios"},"content":{"rendered":"<p><strong>Dias 7 y 8 de marzo de 2025<br \/>\n<\/strong>7 de marzo: <strong>Museu de la M\u00fasica de Barcelona y Museu del Disseny de Barcelona &#8211; DHub<\/strong><\/p>\n<p>8 de marzo:<strong> La Casa de la Seda (Barcelona)<\/strong><\/p>\n<p><span class=\"Y2IQFc\" lang=\"es\">En esta ocasi\u00f3n, en la jornada del \u00abHablemos de\u00bb fijaremos atenci\u00f3n a los salterios, bellos instrumentos que fueron el resultado de una moda pasajera. A trav\u00e9s de las jornadas avanzaremos en el conocimiento de estos preciosos bienes patrimoniales y sus repertorios.<\/span><\/p>\n<p><span class=\"Y2IQFc\" lang=\"es\">Adem\u00e1s, nos permitir\u00e1n establecer relaciones entre expertos con intereses y metodolog\u00edas afines. Por \u00faltimo, las jornadas se clausuran con ilustraciones musicales acompa\u00f1adas de danza en la Casa de la Seda, donde ya se celebraban conciertos de salterios en la segunda mitad del siglo XVIII e inicios del siglo XIX. Las conferencias se complementar\u00e1n con visitas al Museo de la M\u00fasica de Barcelona y la Casa de la Seda. <\/span><\/p>\n<p><span class=\"Y2IQFc\" lang=\"es\">Para leer m\u00e1s informaci\u00f3n sobre el PROGRAMA del <strong>Hablemos De\u2026 El salterio barroco: el sonido de las cajas policromadas<\/strong> haz clic <\/span><a href=\"https:\/\/www.estudidelmoble.com\/es\/hablamos-de-el-salterio-barroco\/\"><strong><span style=\"color: #7f2629;\">AQU\u00cd<\/span><\/strong><\/a><\/p>\n","protected":false},"excerpt":{"rendered":"<p><span style=\"color: #7f2629;\"><strong>Dias 7 y 8 de marzo de 2025<\/strong><\/span><\/p>\n<p><i>Idioma: catal\u00e1n y castellano<\/i><span style=\"color: #7f2629;\"><strong><span style=\"color: #333333;\"><br \/>\n<\/span><\/strong><\/span><\/p>\n<p><strong>PVP:\u00a0 50\u20ac<\/strong><br \/>\n<strong>Socios:\u00a0 30\u20ac<br \/>\n*Precio Reducido:<b> 40\u20ac <\/b><\/strong>(Socios\/as de entidades colaboradoras y usuarios del CDOC. Consultar otras entidades)<br \/>\n<strong>*Estudiantes menores de 25 a\u00f1os:<\/strong> Gratuito<\/p>\n<p>*<strong>Becas o\u00a0para estudiantes o desempleados\/as:<\/strong> Consulta condiciones en info@estudidelmoble.com o llama al 932 566 785 (de 9:00 a 15:00 horas)<\/p>\n<p><strong><span style=\"color: #8e2920;\"><b>Incuye el <\/b><\/span><b><span style=\"color: #8e2920;\">DOSSIER AEM 6 digital, revista digital con los art\u00edculos <\/span><\/b><\/strong><strong><b><span style=\"color: #8e2920;\">de la jornada, disponible con posterioridad al curso.<\/span> <\/b><\/strong><\/p>\n<p><span style=\"color: #007196;\"><em><b>*<\/b> Consultar m\u00e1s abajo\u00a0 <b>CODIGOS de DESCUENTO <\/b>y condiciones de gratuidad<b><br \/>\n<\/b><i>Descuentos no acumulables<\/i><\/em><\/span><\/p>\n","protected":false},"featured_media":66413,"template":"","meta":{"_acf_changed":false},"product_brand":[],"product_cat":[946],"product_tag":[],"class_list":{"0":"post-66517","1":"product","2":"type-product","3":"status-publish","4":"has-post-thumbnail","6":"product_cat-cursos-es","8":"first","9":"instock","10":"purchasable","11":"product-type-variable"},"acf":[],"_links":{"self":[{"href":"https:\/\/www.estudidelmoble.com\/es\/wp-json\/wp\/v2\/product\/66517","targetHints":{"allow":["GET"]}}],"collection":[{"href":"https:\/\/www.estudidelmoble.com\/es\/wp-json\/wp\/v2\/product"}],"about":[{"href":"https:\/\/www.estudidelmoble.com\/es\/wp-json\/wp\/v2\/types\/product"}],"version-history":[{"count":0,"href":"https:\/\/www.estudidelmoble.com\/es\/wp-json\/wp\/v2\/product\/66517\/revisions"}],"wp:featuredmedia":[{"embeddable":true,"href":"https:\/\/www.estudidelmoble.com\/es\/wp-json\/wp\/v2\/media\/66413"}],"wp:attachment":[{"href":"https:\/\/www.estudidelmoble.com\/es\/wp-json\/wp\/v2\/media?parent=66517"}],"wp:term":[{"taxonomy":"product_brand","embeddable":true,"href":"https:\/\/www.estudidelmoble.com\/es\/wp-json\/wp\/v2\/product_brand?post=66517"},{"taxonomy":"product_cat","embeddable":true,"href":"https:\/\/www.estudidelmoble.com\/es\/wp-json\/wp\/v2\/product_cat?post=66517"},{"taxonomy":"product_tag","embeddable":true,"href":"https:\/\/www.estudidelmoble.com\/es\/wp-json\/wp\/v2\/product_tag?post=66517"}],"curies":[{"name":"wp","href":"https:\/\/api.w.org\/{rel}","templated":true}]}}