{"id":71868,"date":"2025-10-24T10:38:15","date_gmt":"2025-10-24T08:38:15","guid":{"rendered":"https:\/\/www.estudidelmoble.com\/producto\/se-levanta-el-telon-el-mueble-en-las-artes-escenicas\/"},"modified":"2026-04-08T11:14:41","modified_gmt":"2026-04-08T09:14:41","slug":"se-abre-el-telon-aem","status":"publish","type":"product","link":"https:\/\/www.estudidelmoble.com\/es\/producto\/se-abre-el-telon-aem\/","title":{"rendered":"Se abre el tel\u00f3n. El mueble en las artes esc\u00e9nicas"},"content":{"rendered":"<p data-start=\"49\" data-end=\"282\">Compra la publicaci\u00f3n 20 <strong><em data-start=\"78\" data-end=\"133\">Se abre el tel\u00f3n. El mueble en las artes esc\u00e9nicas<\/em><\/strong>, editada por la Asociaci\u00f3n para el Estudio del Mueble con motivo del 20.\u00ba aniversario de la entidad, en colaboraci\u00f3n con el Disseny Hub Barcelona.<\/p>\n<p data-start=\"284\" data-end=\"535\"><em data-start=\"284\" data-end=\"339\">Se abre el tel\u00f3n. El mueble en las artes esc\u00e9nicas<\/em> es un libro que explora la relaci\u00f3n entre el mobiliario y las artes esc\u00e9nicas, invit\u00e1ndonos a mirar el mueble como un elemento expresivo, narrativo y simb\u00f3lico dentro y fuera de los escenarios.<\/p>\n<p data-start=\"537\" data-end=\"838\">Esta publicaci\u00f3n recoge y ampl\u00eda los contenidos de las sesiones celebradas en mayo de 2024, con la colaboraci\u00f3n del Museo del Dise\u00f1o, el Gran Teatre del Liceu, el Institut del Teatre, El Mald\u00e0, el Reial Cercle Art\u00edstic, el Taller de Escenograf\u00eda Castells y Almirall Alquiler de Muebles, entre otros.<\/p>\n<p data-start=\"840\" data-end=\"1177\">Los art\u00edculos que conforman el volumen abordan temas como la historia, el patrimonio, la conservaci\u00f3n y la escenograf\u00eda teatral, con la participaci\u00f3n de reconocidos especialistas y creadores. El resultado es una mirada coral sobre el papel del mueble como testigo activo de nuestra cultura material \u2014tambi\u00e9n cuando se abre el tel\u00f3n.<\/p>\n<p data-start=\"1179\" data-end=\"1276\">Una obra esencial para estudiosos, dise\u00f1adores, escen\u00f3grafos y amantes del teatro y del mueble.<\/p>\n","protected":false},"excerpt":{"rendered":"<p><strong>PUBLICACI\u00d3N 20<\/strong><\/p>\n<p><span style=\"color: #7f2629;\"><strong>Se abre el tel\u00f3n. El mueble en las artes esc\u00e9nicas<\/strong><\/span><\/p>\n<p><span style=\"font-weight: 400;\">Edici\u00f3n en castellano y catal\u00e1n<\/span><\/p>\n<p><strong>PVP: 20\u20ac<br \/>\nPrecio SOCIOS: 16\u20ac<\/strong><\/p>\n","protected":false},"featured_media":71881,"template":"","meta":{"_acf_changed":false},"product_brand":[],"product_cat":[833],"product_tag":[],"class_list":{"0":"post-71868","1":"product","2":"type-product","3":"status-publish","4":"has-post-thumbnail","6":"product_cat-publicaciones","7":"product_shipping_class-envio-2","9":"first","10":"instock","11":"featured","12":"taxable","13":"shipping-taxable","14":"purchasable","15":"product-type-variable","16":"has-default-attributes"},"acf":[],"_links":{"self":[{"href":"https:\/\/www.estudidelmoble.com\/es\/wp-json\/wp\/v2\/product\/71868","targetHints":{"allow":["GET"]}}],"collection":[{"href":"https:\/\/www.estudidelmoble.com\/es\/wp-json\/wp\/v2\/product"}],"about":[{"href":"https:\/\/www.estudidelmoble.com\/es\/wp-json\/wp\/v2\/types\/product"}],"version-history":[{"count":0,"href":"https:\/\/www.estudidelmoble.com\/es\/wp-json\/wp\/v2\/product\/71868\/revisions"}],"wp:featuredmedia":[{"embeddable":true,"href":"https:\/\/www.estudidelmoble.com\/es\/wp-json\/wp\/v2\/media\/71881"}],"wp:attachment":[{"href":"https:\/\/www.estudidelmoble.com\/es\/wp-json\/wp\/v2\/media?parent=71868"}],"wp:term":[{"taxonomy":"product_brand","embeddable":true,"href":"https:\/\/www.estudidelmoble.com\/es\/wp-json\/wp\/v2\/product_brand?post=71868"},{"taxonomy":"product_cat","embeddable":true,"href":"https:\/\/www.estudidelmoble.com\/es\/wp-json\/wp\/v2\/product_cat?post=71868"},{"taxonomy":"product_tag","embeddable":true,"href":"https:\/\/www.estudidelmoble.com\/es\/wp-json\/wp\/v2\/product_tag?post=71868"}],"curies":[{"name":"wp","href":"https:\/\/api.w.org\/{rel}","templated":true}]}}