{"id":72568,"date":"2025-11-26T12:58:01","date_gmt":"2025-11-26T10:58:01","guid":{"rendered":"https:\/\/www.estudidelmoble.com\/producto\/la-falca\/"},"modified":"2025-12-01T14:10:26","modified_gmt":"2025-12-01T12:10:26","slug":"la-falca","status":"publish","type":"product","link":"https:\/\/www.estudidelmoble.com\/es\/producto\/la-falca\/","title":{"rendered":"La Falca"},"content":{"rendered":"<p data-start=\"61\" data-end=\"173\">Este trozo de papel fue un cabecero de cama, pero tambi\u00e9n un bast\u00f3n, una silla, un caj\u00f3n e incluso una mesita.<\/p>\n<p data-start=\"175\" data-end=\"368\">Fragmentos de muebles recogidos del suelo del Mercado de los Encants, un 6 de noviembre, mientras el cami\u00f3n del punto limpio rastreaba el espacio para llevarse los restos de toda una jornada.<\/p>\n<p data-start=\"370\" data-end=\"623\">Este trozo de papel antes era madera maciza \u2014mueble un d\u00eda, residuo al siguiente. Madera de abedul, avellano, haya, cerezo, pino y roble \u2014reducida a polvo, mezclada con agua y celulosa, y prensada en forma de falca en el Molino Papelero de Capellades.<\/p>\n<p data-start=\"625\" data-end=\"763\">Este trozo de papel, ahora convertido en falca, era un mueble obsoleto que ha dejado de serlo para que otros puedan tardar m\u00e1s en serlo.<\/p>\n<p data-start=\"765\" data-end=\"984\">Un objeto simb\u00f3lico para celebrar los 20 a\u00f1os de la Asociaci\u00f3n para el Estudio del Mueble. Con concepto y dise\u00f1o de Ingrid Picanyol, falca producida por el Molino Papelero de Capellades, y estuche de Copyset Imprenta.<\/p>\n","protected":false},"excerpt":{"rendered":"<p>Un objeto simb\u00f3lico para celebrar los 20 a\u00f1os de la Asociaci\u00f3n para el Estudio del Mueble<\/p>\n<p><strong>PVP: 20 \u20ac<\/strong><br \/>\n<strong>Precio SOCIO: 15 \u20ac<\/strong><\/p>\n","protected":false},"featured_media":69604,"template":"","meta":{"_acf_changed":false},"product_brand":[],"product_cat":[830],"product_tag":[],"class_list":{"0":"post-72568","1":"product","2":"type-product","3":"status-publish","4":"has-post-thumbnail","6":"product_cat-libros-y-otros","7":"product_shipping_class-envio-2","9":"first","10":"instock","11":"taxable","12":"shipping-taxable","13":"purchasable","14":"product-type-variable"},"acf":[],"_links":{"self":[{"href":"https:\/\/www.estudidelmoble.com\/es\/wp-json\/wp\/v2\/product\/72568","targetHints":{"allow":["GET"]}}],"collection":[{"href":"https:\/\/www.estudidelmoble.com\/es\/wp-json\/wp\/v2\/product"}],"about":[{"href":"https:\/\/www.estudidelmoble.com\/es\/wp-json\/wp\/v2\/types\/product"}],"version-history":[{"count":0,"href":"https:\/\/www.estudidelmoble.com\/es\/wp-json\/wp\/v2\/product\/72568\/revisions"}],"wp:featuredmedia":[{"embeddable":true,"href":"https:\/\/www.estudidelmoble.com\/es\/wp-json\/wp\/v2\/media\/69604"}],"wp:attachment":[{"href":"https:\/\/www.estudidelmoble.com\/es\/wp-json\/wp\/v2\/media?parent=72568"}],"wp:term":[{"taxonomy":"product_brand","embeddable":true,"href":"https:\/\/www.estudidelmoble.com\/es\/wp-json\/wp\/v2\/product_brand?post=72568"},{"taxonomy":"product_cat","embeddable":true,"href":"https:\/\/www.estudidelmoble.com\/es\/wp-json\/wp\/v2\/product_cat?post=72568"},{"taxonomy":"product_tag","embeddable":true,"href":"https:\/\/www.estudidelmoble.com\/es\/wp-json\/wp\/v2\/product_tag?post=72568"}],"curies":[{"name":"wp","href":"https:\/\/api.w.org\/{rel}","templated":true}]}}